{"id":34,"date":"2018-12-11T09:46:25","date_gmt":"2018-12-11T09:46:25","guid":{"rendered":"https:\/\/peruproject.stir.ac.uk\/?page_id=34"},"modified":"2019-01-08T12:38:27","modified_gmt":"2019-01-08T12:38:27","slug":"contact","status":"publish","type":"page","link":"https:\/\/peruproject.stir.ac.uk\/es\/contact\/","title":{"rendered":"Contacto"},"content":{"rendered":"\n<h2 class=\"wp-block-heading\">Contacto<\/h2>\n\n\n\n<div style=\"height:27px\" aria-hidden=\"true\" class=\"wp-block-spacer\"><\/div>\n\n\n\n<h4 class=\"wp-block-heading\">Raquel de Pedro Ricoy<\/h4>\n\n\n\n<ul class=\"wp-block-list\"><li><strong>Catedr\u00e1tica de Traducci\u00f3n e Interpretaci\u00f3n<\/strong><\/li><li><a href=\"https:\/\/www.stir.ac.uk\/about\/faculties-and-services\/arts-humanities\/\">Faculty of Arts and Humanities, University of Stirling<\/a><\/li><li>Email:\u00a0raquel.depedroricoy@stir.ac.uk<\/li><li> Tel\u00e9fono: +44 (0)1786 467545<\/li><li>Investigadora Principal<\/li><\/ul>\n\n\n\n<div style=\"height:20px\" aria-hidden=\"true\" class=\"wp-block-spacer\"><\/div>\n\n\n\n<h4 class=\"wp-block-heading\">Rosaleen Howard<\/h4>\n\n\n\n<ul class=\"wp-block-list\"><li><strong>Catedr\u00e1tica de Estudios Hisp\u00e1nicos<\/strong><\/li><li><a href=\"http:\/\/www.ncl.ac.uk\/sml\/staff\/profile\/rosaleen.howard\">School of Modern Languages, Newcastle University<\/a><\/li><li>Email:\u00a0<a href=\"mailto:r.e.howard@ncl.ac.uk\">r.e.howard@ncl.ac.uk<\/a><\/li><li> Tel\u00e9fono : +44 (0)191 208 8328<\/li><li>Co-Investigadora<\/li><\/ul>\n\n\n\n<div style=\"height:20px\" aria-hidden=\"true\" class=\"wp-block-spacer\"><\/div>\n\n\n\n<h4 class=\"wp-block-heading\">Luis Andrade Ciudad<\/h4>\n\n\n\n<ul class=\"wp-block-list\"><li><strong>Profesor Asociado de Ling\u00fc\u00edstica<\/strong><\/li><li><a href=\"http:\/\/facultad.pucp.edu.pe\/letras-ciencias-humanas\/\">Departamento de Humanidades, Pontificia Universidad Catolica del Per\u00fa<\/a><\/li><li>Email:\u00a0<a href=\"mailto:lfandrad@pucp.edu.pe\">lfandrad@pucp.edu.pe<\/a><\/li><li>Co-Investigador Internacional<\/li><\/ul>\n","protected":false},"excerpt":{"rendered":"<p>Contacto Raquel de Pedro Ricoy Catedr\u00e1tica de Traducci\u00f3n e Interpretaci\u00f3n Faculty of Arts and Humanities, University of Stirling Email:\u00a0raquel.depedroricoy@stir.ac.uk Tel\u00e9fono: +44 (0)1786 467545 Investigadora Principal Rosaleen Howard Catedr\u00e1tica de Estudios Hisp\u00e1nicos School of Modern Languages, Newcastle University Email:\u00a0r.e.howard@ncl.ac.uk Tel\u00e9fono : +44 (0)191 208 8328 Co-Investigadora Luis Andrade Ciudad Profesor Asociado de Ling\u00fc\u00edstica Departamento de Humanidades,<\/p>\n<p><a class=\"read-more\" href=\"https:\/\/peruproject.stir.ac.uk\/es\/contact\/\" aria-label=\"Contacto Read full post\">Read full post<\/a><\/p>\n","protected":false},"author":475,"featured_media":0,"parent":0,"menu_order":0,"comment_status":"closed","ping_status":"closed","template":"","meta":{"footnotes":""},"class_list":["post-34","page","type-page","status-publish","hentry"],"_links":{"self":[{"href":"https:\/\/peruproject.stir.ac.uk\/es\/wp-json\/wp\/v2\/pages\/34","targetHints":{"allow":["GET"]}}],"collection":[{"href":"https:\/\/peruproject.stir.ac.uk\/es\/wp-json\/wp\/v2\/pages"}],"about":[{"href":"https:\/\/peruproject.stir.ac.uk\/es\/wp-json\/wp\/v2\/types\/page"}],"author":[{"embeddable":true,"href":"https:\/\/peruproject.stir.ac.uk\/es\/wp-json\/wp\/v2\/users\/475"}],"replies":[{"embeddable":true,"href":"https:\/\/peruproject.stir.ac.uk\/es\/wp-json\/wp\/v2\/comments?post=34"}],"version-history":[{"count":0,"href":"https:\/\/peruproject.stir.ac.uk\/es\/wp-json\/wp\/v2\/pages\/34\/revisions"}],"wp:attachment":[{"href":"https:\/\/peruproject.stir.ac.uk\/es\/wp-json\/wp\/v2\/media?parent=34"}],"curies":[{"name":"wp","href":"https:\/\/api.w.org\/{rel}","templated":true}]}}